{"id":12,"date":"2022-07-21T15:46:53","date_gmt":"2022-07-21T13:46:53","guid":{"rendered":"http:\/\/lavoiedelareussite.fr\/?page_id=12"},"modified":"2022-09-12T16:51:43","modified_gmt":"2022-09-12T14:51:43","slug":"le-nouveau-e-mucem-ouvre-ses-portes-2","status":"publish","type":"page","link":"https:\/\/lavoiedelareussite.fr\/","title":{"rendered":"La voie de la r\u00e9ussite"},"content":{"rendered":"\n<p class=\"has-text-color has-x-large-font-size\" style=\"color:#1d648e\">Conseill\u00e8re en orientation scolaire <\/p>\n\n\n\n<p class=\"has-vivid-purple-color has-text-color has-large-font-size\">Bilan d&rsquo;orientation scolaire<\/p>\n\n\n\n<p class=\"has-vivid-purple-color has-text-color has-large-font-size\">Accompagnement Parcoursup<\/p>\n\n\n\n<p class=\"has-vivid-purple-color has-text-color has-large-font-size\">Aide \u00e0 l&rsquo;orientation d\u00e8s le coll\u00e8ge<\/p>\n\n\n\n<p><\/p>\n\n\n\n<div class=\"wp-block-columns is-layout-flex wp-container-core-columns-is-layout-9d6595d7 wp-block-columns-is-layout-flex\">\n<div class=\"wp-block-column is-layout-flow wp-block-column-is-layout-flow\"><div class=\"wp-block-image\">\n<figure class=\"alignleft size-large is-resized\"><img loading=\"lazy\" decoding=\"async\" src=\"https:\/\/lavoiedelareussite.fr\/wp-content\/uploads\/2022\/09\/IMG_1391-1024x683.jpg\" alt=\"\" class=\"wp-image-90\" width=\"431\" height=\"287\" srcset=\"https:\/\/lavoiedelareussite.fr\/wp-content\/uploads\/2022\/09\/IMG_1391-1024x683.jpg 1024w, https:\/\/lavoiedelareussite.fr\/wp-content\/uploads\/2022\/09\/IMG_1391-300x200.jpg 300w, https:\/\/lavoiedelareussite.fr\/wp-content\/uploads\/2022\/09\/IMG_1391-768x512.jpg 768w, https:\/\/lavoiedelareussite.fr\/wp-content\/uploads\/2022\/09\/IMG_1391-1536x1024.jpg 1536w, https:\/\/lavoiedelareussite.fr\/wp-content\/uploads\/2022\/09\/IMG_1391-2048x1365.jpg 2048w, https:\/\/lavoiedelareussite.fr\/wp-content\/uploads\/2022\/09\/IMG_1391-150x100.jpg 150w, https:\/\/lavoiedelareussite.fr\/wp-content\/uploads\/2022\/09\/IMG_1391-225x150.jpg 225w\" sizes=\"auto, (max-width: 431px) 100vw, 431px\" \/><\/figure>\n<\/div>\n\n\n<p><\/p>\n\n\n\n<p class=\"has-text-align-center has-black-color has-text-color has-large-font-size\">Pensez \u00e0 consulter les infos br\u00e8ves et les dossiers<\/p>\n<\/div>\n<\/div>\n\n\n\n<p><\/p>\n","protected":false},"excerpt":{"rendered":"<p>Conseill\u00e8re en orientation scolaire Bilan d&rsquo;orientation scolaire Accompagnement Parcoursup Aide \u00e0 l&rsquo;orientation d\u00e8s le coll\u00e8ge Pensez \u00e0 consulter les infos br\u00e8ves et les dossiers<\/p>\n","protected":false},"author":1,"featured_media":11,"parent":0,"menu_order":0,"comment_status":"closed","ping_status":"closed","template":"","meta":{"footnotes":""},"class_list":["post-12","page","type-page","status-publish","has-post-thumbnail","hentry"],"_links":{"self":[{"href":"https:\/\/lavoiedelareussite.fr\/index.php?rest_route=\/wp\/v2\/pages\/12","targetHints":{"allow":["GET"]}}],"collection":[{"href":"https:\/\/lavoiedelareussite.fr\/index.php?rest_route=\/wp\/v2\/pages"}],"about":[{"href":"https:\/\/lavoiedelareussite.fr\/index.php?rest_route=\/wp\/v2\/types\/page"}],"author":[{"embeddable":true,"href":"https:\/\/lavoiedelareussite.fr\/index.php?rest_route=\/wp\/v2\/users\/1"}],"replies":[{"embeddable":true,"href":"https:\/\/lavoiedelareussite.fr\/index.php?rest_route=%2Fwp%2Fv2%2Fcomments&post=12"}],"version-history":[{"count":22,"href":"https:\/\/lavoiedelareussite.fr\/index.php?rest_route=\/wp\/v2\/pages\/12\/revisions"}],"predecessor-version":[{"id":144,"href":"https:\/\/lavoiedelareussite.fr\/index.php?rest_route=\/wp\/v2\/pages\/12\/revisions\/144"}],"wp:featuredmedia":[{"embeddable":true,"href":"https:\/\/lavoiedelareussite.fr\/index.php?rest_route=\/wp\/v2\/media\/11"}],"wp:attachment":[{"href":"https:\/\/lavoiedelareussite.fr\/index.php?rest_route=%2Fwp%2Fv2%2Fmedia&parent=12"}],"curies":[{"name":"wp","href":"https:\/\/api.w.org\/{rel}","templated":true}]}}