{"id":60,"date":"2022-09-10T14:11:00","date_gmt":"2022-09-10T12:11:00","guid":{"rendered":"http:\/\/lavoiedelareussite.fr\/?page_id=60"},"modified":"2022-09-12T16:46:06","modified_gmt":"2022-09-12T14:46:06","slug":"qui-suis-je","status":"publish","type":"page","link":"https:\/\/lavoiedelareussite.fr\/?page_id=60","title":{"rendered":"Qui suis-je?"},"content":{"rendered":"\n<p>Je m\u2019appelle St\u00e9phanie Pavard et je vis en Haute-Savoie.&nbsp;<\/p>\n\n\n\n<p>Enseignante en histoire-g\u00e9ographie depuis presque 30 ans, j\u2019ai souhait\u00e9 compl\u00e9ter mon activit\u00e9 par du conseil en orientation scolaire.&nbsp;<\/p>\n\n\n\n<p>Durant mon parcours, j\u2019ai eu l\u2019opportunit\u00e9 d\u2019accompagner de nombreux \u00e9l\u00e8ves dans leur orientation surtout au niveau du coll\u00e8ge et cet accompagnement m\u2019a beaucoup plu et m\u2019a donn\u00e9 envie d\u2019aller plus loin.&nbsp;<\/p>\n\n\n\n<p>J\u2019ai \u00e9t\u00e9 professeure principale chaque ann\u00e9e \u00e0 tous les niveaux. Donc j\u2019ai accompagn\u00e9 de nombreux \u00e9l\u00e8ves vers leurs projets. J\u2019ai organis\u00e9 pendant plusieurs ann\u00e9es un forum des m\u00e9tiers et des formations o\u00f9 nous invitions des \u00e9tablissements de formation et des professionnels\u00a0; ce qui m\u2019a permis de bien conna\u00eetre l\u2019offre de formation locale. J\u2019ai pilot\u00e9 pendant plusieurs ann\u00e9es \u00e9galement une classe \u00e0 profil particulier qui permettait de mieux prendre en compte les difficult\u00e9s de certains \u00e9l\u00e8ves qui d\u00e9siraient s\u2019orienter vers la voie professionnelle et de mieux les accompagner. Enfin, je pilote un projet en collaboration avec l\u2019EPDA de Sallanches (Educateurs de quartier) afin d\u2019accompagner des \u00e9l\u00e8ves \u00ab\u00a0d\u00e9crocheurs\u00a0\u00bb \u00e0 reprendre confiance en eux et \u00e0 mieux les accompagner dans leur orientation. Toutes ces exp\u00e9riences m\u2019ont permis de bien conna\u00eetre les rouages de l\u2019orientation et surtout m\u2019ont fait prendre go\u00fbt \u00e0 cette activit\u00e9 li\u00e9e \u00e0 l\u2019orientation.<\/p>\n\n\n\n<p>D\u00e9but 2022, j\u2019ai d\u00e9couvert et suivi la formation propos\u00e9e par Meriem Draman (certifi\u00e9e Qualiopi) pour devenir conseill\u00e8re d\u2019orientation scolaire ind\u00e9pendante. Meriem nous a appris \u00e0 r\u00e9aliser un bilan d\u2019orientation scolaire qui peut \u00eatre le point de d\u00e9part pour construire un projet d\u2019orientation solide.&nbsp;<\/p>\n\n\n\n<p>Je suis \u00e9galement maman de trois grands enfants que j\u2019ai accompagn\u00e9s dans leur orientation. Je connais donc le fonctionnement de Parcoursup.&nbsp;<\/p>\n\n\n\n<p>Je suis \u00e0 votre disposition si vous souhaitez que l\u2019on travaille ensemble. N\u2019h\u00e9sitez pas \u00e0 me contacter pour tout renseignement compl\u00e9mentaire.&nbsp;<\/p>\n","protected":false},"excerpt":{"rendered":"<p>Je m\u2019appelle St\u00e9phanie Pavard et je vis en Haute-Savoie.&nbsp; Enseignante en histoire-g\u00e9ographie depuis presque 30 ans, j\u2019ai souhait\u00e9 compl\u00e9ter mon activit\u00e9 par du conseil en orientation scolaire.&nbsp; Durant mon parcours, j\u2019ai eu l\u2019opportunit\u00e9 d\u2019accompagner de nombreux \u00e9l\u00e8ves dans leur orientation surtout au niveau du coll\u00e8ge et cet accompagnement m\u2019a beaucoup&#8230; <a class=\"continue-reading-link\" href=\"https:\/\/lavoiedelareussite.fr\/?page_id=60\"> Continue reading <span class=\"meta-nav\">&rarr; <\/span><\/a><\/p>\n","protected":false},"author":1,"featured_media":0,"parent":0,"menu_order":0,"comment_status":"closed","ping_status":"closed","template":"","meta":{"footnotes":""},"class_list":["post-60","page","type-page","status-publish","hentry"],"_links":{"self":[{"href":"https:\/\/lavoiedelareussite.fr\/index.php?rest_route=\/wp\/v2\/pages\/60","targetHints":{"allow":["GET"]}}],"collection":[{"href":"https:\/\/lavoiedelareussite.fr\/index.php?rest_route=\/wp\/v2\/pages"}],"about":[{"href":"https:\/\/lavoiedelareussite.fr\/index.php?rest_route=\/wp\/v2\/types\/page"}],"author":[{"embeddable":true,"href":"https:\/\/lavoiedelareussite.fr\/index.php?rest_route=\/wp\/v2\/users\/1"}],"replies":[{"embeddable":true,"href":"https:\/\/lavoiedelareussite.fr\/index.php?rest_route=%2Fwp%2Fv2%2Fcomments&post=60"}],"version-history":[{"count":3,"href":"https:\/\/lavoiedelareussite.fr\/index.php?rest_route=\/wp\/v2\/pages\/60\/revisions"}],"predecessor-version":[{"id":136,"href":"https:\/\/lavoiedelareussite.fr\/index.php?rest_route=\/wp\/v2\/pages\/60\/revisions\/136"}],"wp:attachment":[{"href":"https:\/\/lavoiedelareussite.fr\/index.php?rest_route=%2Fwp%2Fv2%2Fmedia&parent=60"}],"curies":[{"name":"wp","href":"https:\/\/api.w.org\/{rel}","templated":true}]}}