{"id":62,"date":"2022-09-10T14:13:41","date_gmt":"2022-09-10T12:13:41","guid":{"rendered":"http:\/\/lavoiedelareussite.fr\/?page_id=62"},"modified":"2022-09-10T15:10:41","modified_gmt":"2022-09-10T13:10:41","slug":"prestations-et-tarifs","status":"publish","type":"page","link":"https:\/\/lavoiedelareussite.fr\/?page_id=62","title":{"rendered":"Prestations et tarifs"},"content":{"rendered":"\n<p>Mes services s\u2019adressent \u00e0 tous les \u00e9l\u00e8ves d\u00e8s le coll\u00e8ge et jusqu\u2019\u00e0 25 ans, en fonction de leurs besoins et de leurs profils. L\u2019accompagnement est individualis\u00e9, bienveillant mais aussi r\u00e9aliste et coh\u00e9rent.&nbsp;<\/p>\n\n\n\n<p>Les s\u00e9ances peuvent se d\u00e9rouler en pr\u00e9sentiel \u00e0 mon domicile ou \u00e0 distance.&nbsp;<\/p>\n\n\n\n<figure class=\"wp-block-table has-medium-font-size\"><table><tbody><tr><td><strong>Bilan d\u2019orientation scolaire<\/strong> <br>En 3 s\u00e9ances, il permet de reprendre confiance en soi, de redonner du sens aux apprentissages scolaires et de b\u00e2tir un projet d\u2019orientation r\u00e9aliste en fonction de ses objectifs et du march\u00e9 de l\u2019emploi. Il permet de r\u00e9pondre \u00e0 deux questions\u00a0: qui suis-je\u00a0? O\u00f9 vais-je\u00a0?<br><\/td><td>   <strong>350<\/strong>\u20ac<\/td><\/tr><tr><td><strong>Accompagnement Parcoursup<\/strong> <br>L\u2019id\u00e9e est de vous accompagner sur cette plateforme, vous aider \u00e0 trouver vos v\u0153ux, \u00e0 r\u00e9diger vos projets motiv\u00e9s, essayer de mettre toutes les chances de votre c\u00f4t\u00e9 afin de concr\u00e9tiser vos choix d\u2019orientation. Le nombre de s\u00e9ances est variable en fonction de chacun<br><\/td><td>  <strong>450<\/strong>\u20ac<\/td><\/tr><tr><td><strong>Aide \u00e0 l\u2019orientation d\u00e8s le coll\u00e8ge<\/strong> <br>Besoin d\u2019un conseil, d\u2019une aide ponctuelle pour son orientation, d\u00e9couvrir une formation ou un \u00e9tablissement, aide \u00e0 la r\u00e9daction d\u2019une lettre de motivation\u2026<br><\/td><td>  <strong>50\u20ac\/h<\/strong><br><\/td><\/tr><\/tbody><\/table><\/figure>\n\n\n\n<p><\/p>\n","protected":false},"excerpt":{"rendered":"<p>Mes services s\u2019adressent \u00e0 tous les \u00e9l\u00e8ves d\u00e8s le coll\u00e8ge et jusqu\u2019\u00e0 25 ans, en fonction de leurs besoins et de leurs profils. L\u2019accompagnement est individualis\u00e9, bienveillant mais aussi r\u00e9aliste et coh\u00e9rent.&nbsp; Les s\u00e9ances peuvent se d\u00e9rouler en pr\u00e9sentiel \u00e0 mon domicile ou \u00e0 distance.&nbsp; Bilan d\u2019orientation scolaire En 3&#8230; <a class=\"continue-reading-link\" href=\"https:\/\/lavoiedelareussite.fr\/?page_id=62\"> Continue reading <span class=\"meta-nav\">&rarr; <\/span><\/a><\/p>\n","protected":false},"author":1,"featured_media":0,"parent":0,"menu_order":0,"comment_status":"closed","ping_status":"closed","template":"","meta":{"footnotes":""},"class_list":["post-62","page","type-page","status-publish","hentry"],"_links":{"self":[{"href":"https:\/\/lavoiedelareussite.fr\/index.php?rest_route=\/wp\/v2\/pages\/62","targetHints":{"allow":["GET"]}}],"collection":[{"href":"https:\/\/lavoiedelareussite.fr\/index.php?rest_route=\/wp\/v2\/pages"}],"about":[{"href":"https:\/\/lavoiedelareussite.fr\/index.php?rest_route=\/wp\/v2\/types\/page"}],"author":[{"embeddable":true,"href":"https:\/\/lavoiedelareussite.fr\/index.php?rest_route=\/wp\/v2\/users\/1"}],"replies":[{"embeddable":true,"href":"https:\/\/lavoiedelareussite.fr\/index.php?rest_route=%2Fwp%2Fv2%2Fcomments&post=62"}],"version-history":[{"count":4,"href":"https:\/\/lavoiedelareussite.fr\/index.php?rest_route=\/wp\/v2\/pages\/62\/revisions"}],"predecessor-version":[{"id":100,"href":"https:\/\/lavoiedelareussite.fr\/index.php?rest_route=\/wp\/v2\/pages\/62\/revisions\/100"}],"wp:attachment":[{"href":"https:\/\/lavoiedelareussite.fr\/index.php?rest_route=%2Fwp%2Fv2%2Fmedia&parent=62"}],"curies":[{"name":"wp","href":"https:\/\/api.w.org\/{rel}","templated":true}]}}